{"id":26,"date":"2020-10-26T22:41:44","date_gmt":"2020-10-26T22:41:44","guid":{"rendered":"https:\/\/valleedurichelieu.onlinegolfshop.ca\/?page_id=26"},"modified":"2020-10-26T23:11:39","modified_gmt":"2020-10-26T23:11:39","slug":"homepage","status":"publish","type":"page","link":"https:\/\/valleedurichelieu.onlinegolfshop.ca\/fr\/","title":{"rendered":"Page d&#039;accueil"},"content":{"rendered":"<div class=\"wp-block-image\"><figure class=\"aligncenter size-large is-resized\"><img loading=\"lazy\" decoding=\"async\" src=\"https:\/\/valleedurichelieu.onlinegolfshop.ca\/wp-content\/uploads\/sites\/46\/2020\/10\/MichelBlier.png\" alt=\"\" class=\"wp-image-1026\" width=\"250\" height=\"250\" srcset=\"https:\/\/valleedurichelieu.onlinegolfshop.ca\/wp-content\/uploads\/sites\/46\/2020\/10\/MichelBlier.png 600w, https:\/\/valleedurichelieu.onlinegolfshop.ca\/wp-content\/uploads\/sites\/46\/2020\/10\/MichelBlier-300x300.png 300w, https:\/\/valleedurichelieu.onlinegolfshop.ca\/wp-content\/uploads\/sites\/46\/2020\/10\/MichelBlier-150x150.png 150w, https:\/\/valleedurichelieu.onlinegolfshop.ca\/wp-content\/uploads\/sites\/46\/2020\/10\/MichelBlier-12x12.png 12w, https:\/\/valleedurichelieu.onlinegolfshop.ca\/wp-content\/uploads\/sites\/46\/2020\/10\/MichelBlier-324x324.png 324w, https:\/\/valleedurichelieu.onlinegolfshop.ca\/wp-content\/uploads\/sites\/46\/2020\/10\/MichelBlier-416x416.png 416w, https:\/\/valleedurichelieu.onlinegolfshop.ca\/wp-content\/uploads\/sites\/46\/2020\/10\/MichelBlier-100x100.png 100w\" sizes=\"auto, (max-width: 250px) 100vw, 250px\" \/><\/figure><\/div>\n\n\n\n<p class=\"has-text-align-center has-medium-font-size\">Bienvenue dans la boutique de golf en ligne de la Vall\u00e9e du Richelieu<\/p>\n\n\n\n<hr class=\"wp-block-separator\"\/>\n\n\n\n<p>Le but de notre nouvelle boutique en ligne est de pr\u00e9senter ce que le jeu a de mieux \u00e0 offrir - qu&#039;il s&#039;agisse d&#039;un stock de balles de golf pour quelques mois, de quelques gants ou d&#039;un nouveau polo de golf dynamique - qui vous permet d&#039;obtenir le plus possible plaisir hors du jeu.&nbsp;<\/p>\n\n\n\n<p>Nous reconnaissons la n\u00e9cessit\u00e9 de faire preuve de prudence en cette p\u00e9riode difficile. Dans cet esprit, nous vous proposons une vari\u00e9t\u00e9 de fa\u00e7ons de vous proposer vos nouveaux produits de golf. Dans le processus de commande, vous trouverez des opportunit\u00e9s de distribution - qu&#039;il s&#039;agisse de ramassage \u00e0 la rue, d&#039;organiser la livraison ou d&#039;autres options.<\/p>\n\n\n\n<p>Nous sommes tr\u00e8s fiers de nos membres et sommes l\u00e0 pour vous aider \u00e0 tirer le meilleur parti de votre exp\u00e9rience de golf en ce moment unique. Merci de nous permettre de faciliter cette exp\u00e9rience!<\/p>\n\n\n\n<p class=\"has-text-align-right\"><em>Bien \u00e0 vous au golf,<\/em>&nbsp;<strong>Michel Blier<\/strong><\/p>","protected":false},"excerpt":{"rendered":"<p>Welcome to the Vall\u00e9e du Richelieu Online Golf Shop The goal of our new online shop is to present the best the game has to offer\u2014whether that\u2019s a supply of golf balls to last a few months, a couple of gloves, or a vibrant new golf polo\u2014that lets you get the most possible enjoyment out [&hellip;]<\/p>\n","protected":false},"author":2,"featured_media":0,"parent":0,"menu_order":0,"comment_status":"closed","ping_status":"closed","template":"template-fullwidth.php","meta":{"footnotes":""},"class_list":["post-26","page","type-page","status-publish","hentry"],"_links":{"self":[{"href":"https:\/\/valleedurichelieu.onlinegolfshop.ca\/fr\/wp-json\/wp\/v2\/pages\/26","targetHints":{"allow":["GET"]}}],"collection":[{"href":"https:\/\/valleedurichelieu.onlinegolfshop.ca\/fr\/wp-json\/wp\/v2\/pages"}],"about":[{"href":"https:\/\/valleedurichelieu.onlinegolfshop.ca\/fr\/wp-json\/wp\/v2\/types\/page"}],"author":[{"embeddable":true,"href":"https:\/\/valleedurichelieu.onlinegolfshop.ca\/fr\/wp-json\/wp\/v2\/users\/2"}],"replies":[{"embeddable":true,"href":"https:\/\/valleedurichelieu.onlinegolfshop.ca\/fr\/wp-json\/wp\/v2\/comments?post=26"}],"version-history":[{"count":4,"href":"https:\/\/valleedurichelieu.onlinegolfshop.ca\/fr\/wp-json\/wp\/v2\/pages\/26\/revisions"}],"predecessor-version":[{"id":1029,"href":"https:\/\/valleedurichelieu.onlinegolfshop.ca\/fr\/wp-json\/wp\/v2\/pages\/26\/revisions\/1029"}],"wp:attachment":[{"href":"https:\/\/valleedurichelieu.onlinegolfshop.ca\/fr\/wp-json\/wp\/v2\/media?parent=26"}],"curies":[{"name":"wp","href":"https:\/\/api.w.org\/{rel}","templated":true}]}}